{"id":205,"date":"2025-10-27T17:39:40","date_gmt":"2025-10-27T16:39:40","guid":{"rendered":"https:\/\/atelierdutissu.fr\/?post_type=product&#038;p=205"},"modified":"2025-10-27T17:39:40","modified_gmt":"2025-10-27T16:39:40","slug":"housse-carnet-de-sante-2","status":"publish","type":"product","link":"https:\/\/atelierdutissu.fr\/index.php\/produit\/housse-carnet-de-sante-2\/","title":{"rendered":"Housse carnet de sant\u00e9"},"content":{"rendered":"<p><span style=\"color: #947359;\"><strong>Parce que chaque maman m\u00e9rite de l&rsquo;organisation&#8230; avec tendresse !\u00a0<\/strong><\/span><\/p>\n<p><span style=\"color: #947359;\">Cette jolie housse de carnet de sant\u00e9, fait main avec amour, est pens\u00e9e pour vous accompagner \u00e0 cahque rendez-vous:<\/span><\/p>\n<ul>\n<li><span style=\"color: #947359;\"><strong>3 poches pratiques<\/strong> pour ordonnances et papiers<\/span><\/li>\n<li><span style=\"color: #947359;\"><strong>Marque-page int\u00e9gr\u00e9<\/strong> pour retrouver \u00e7a page<\/span><\/li>\n<li><span style=\"color: #947359;\"><strong>Fermeture par pression<\/strong>: rapide et s\u00e9curis\u00e9e<\/span><\/li>\n<li><span style=\"color: #947359;\"><strong>Enti\u00e8rement personnalisable<\/strong>: Tissus, motifs, <strong>pr\u00e9nom brod\u00e9 de b\u00e9b\u00e9<\/strong><\/span><\/li>\n<\/ul>\n<p><span style=\"color: #947359;\">Un indispensable du sac \u00e0 langer, doux pratique et unique&#8230; comme votre enfant!<\/span><\/p>\n<p><span style=\"color: #947359;\"><strong>Parfaite id\u00e9e cadeau attentionn\u00e9 pour une future maman.<\/strong><\/span><\/p>\n","protected":false},"excerpt":{"rendered":"<p>Parce que chaque maman m\u00e9rite de l&rsquo;organisation&#8230; avec tendresse !\u00a0 Cette jolie housse de carnet de sant\u00e9, fait main avec amour, est pens\u00e9e pour vous accompagner \u00e0 cahque rendez-vous: 3 poches pratiques pour ordonnances et papiers Marque-page int\u00e9gr\u00e9 pour retrouver \u00e7a page Fermeture par pression: rapide et s\u00e9curis\u00e9e Enti\u00e8rement personnalisable: Tissus, motifs, pr\u00e9nom brod\u00e9 de [&hellip;]<\/p>\n","protected":false},"featured_media":206,"comment_status":"open","ping_status":"closed","template":"","meta":[],"product_brand":[],"product_cat":[17],"product_tag":[18],"class_list":{"0":"post-205","1":"product","2":"type-product","3":"status-publish","4":"has-post-thumbnail","6":"product_cat-housse-carnet-de-sante","7":"product_tag-housse-carnet-de-sante","9":"first","10":"instock","11":"taxable","12":"shipping-taxable","13":"purchasable","14":"product-type-simple"},"jetpack_sharing_enabled":true,"_links":{"self":[{"href":"https:\/\/atelierdutissu.fr\/index.php\/wp-json\/wp\/v2\/product\/205","targetHints":{"allow":["GET"]}}],"collection":[{"href":"https:\/\/atelierdutissu.fr\/index.php\/wp-json\/wp\/v2\/product"}],"about":[{"href":"https:\/\/atelierdutissu.fr\/index.php\/wp-json\/wp\/v2\/types\/product"}],"replies":[{"embeddable":true,"href":"https:\/\/atelierdutissu.fr\/index.php\/wp-json\/wp\/v2\/comments?post=205"}],"wp:featuredmedia":[{"embeddable":true,"href":"https:\/\/atelierdutissu.fr\/index.php\/wp-json\/wp\/v2\/media\/206"}],"wp:attachment":[{"href":"https:\/\/atelierdutissu.fr\/index.php\/wp-json\/wp\/v2\/media?parent=205"}],"wp:term":[{"taxonomy":"product_brand","embeddable":true,"href":"https:\/\/atelierdutissu.fr\/index.php\/wp-json\/wp\/v2\/product_brand?post=205"},{"taxonomy":"product_cat","embeddable":true,"href":"https:\/\/atelierdutissu.fr\/index.php\/wp-json\/wp\/v2\/product_cat?post=205"},{"taxonomy":"product_tag","embeddable":true,"href":"https:\/\/atelierdutissu.fr\/index.php\/wp-json\/wp\/v2\/product_tag?post=205"}],"curies":[{"name":"wp","href":"https:\/\/api.w.org\/{rel}","templated":true}]}}