{"id":203,"date":"2025-10-27T17:54:30","date_gmt":"2025-10-27T16:54:30","guid":{"rendered":"https:\/\/atelierdutissu.fr\/?post_type=product&#038;p=203"},"modified":"2025-10-27T17:56:31","modified_gmt":"2025-10-27T16:56:31","slug":"cape-de-bain-broder","status":"publish","type":"product","link":"https:\/\/atelierdutissu.fr\/index.php\/produit\/cape-de-bain-broder\/","title":{"rendered":"Cape de bain Broder"},"content":{"rendered":"<p><span style=\"color: #947359;\"><strong>Offrez \u00e0 votre tout-petit un moment de douceur apr\u00e8s le bain.<\/strong><\/span><\/p>\n<p><span style=\"color: #947359;\">Cette cape de bain personnalis\u00e9e est confectionn\u00e9e avec soin dans une \u00e9ponge moelleuse certifi\u00e9e Oeko-tex, respectueuse de la peau d\u00e9licate des b\u00e9b\u00e9s.<\/span><\/p>\n<ul>\n<li><span style=\"color: #947359;\"><strong>Dimensions 90 x 90cm<\/strong> (id\u00e9ale d\u00e8s la naissance)<\/span><\/li>\n<li><span style=\"color: #947359;\">Eponge douce et absorbante<\/span><\/li>\n<li><span style=\"color: #947359;\">Tissu coton au motif de votre choix<\/span><\/li>\n<li><span style=\"color: #947359;\"><strong>Broderie du pr\u00e9nom <\/strong>pour une touche unique et pleine de tendresse<\/span><\/li>\n<\/ul>\n<p><span style=\"color: #947359;\">Un cadeau parfait pour une naissance, un Bapt\u00eame ou simplement pour se faire plaisir!<\/span><\/p>\n<p>&nbsp;<\/p>\n","protected":false},"excerpt":{"rendered":"<p>Offrez \u00e0 votre tout-petit un moment de douceur apr\u00e8s le bain. Cette cape de bain personnalis\u00e9e est confectionn\u00e9e avec soin dans une \u00e9ponge moelleuse certifi\u00e9e Oeko-tex, respectueuse de la peau d\u00e9licate des b\u00e9b\u00e9s. Dimensions 90 x 90cm (id\u00e9ale d\u00e8s la naissance) Eponge douce et absorbante Tissu coton au motif de votre choix Broderie du pr\u00e9nom [&hellip;]<\/p>\n","protected":false},"featured_media":220,"comment_status":"open","ping_status":"closed","template":"","meta":[],"product_brand":[],"product_cat":[19],"product_tag":[20],"class_list":{"0":"post-203","1":"product","2":"type-product","3":"status-publish","4":"has-post-thumbnail","6":"product_cat-cape-de-bain","7":"product_tag-cape-de-bain","9":"first","10":"instock","11":"taxable","12":"shipping-taxable","13":"purchasable","14":"product-type-simple"},"jetpack_sharing_enabled":true,"_links":{"self":[{"href":"https:\/\/atelierdutissu.fr\/index.php\/wp-json\/wp\/v2\/product\/203","targetHints":{"allow":["GET"]}}],"collection":[{"href":"https:\/\/atelierdutissu.fr\/index.php\/wp-json\/wp\/v2\/product"}],"about":[{"href":"https:\/\/atelierdutissu.fr\/index.php\/wp-json\/wp\/v2\/types\/product"}],"replies":[{"embeddable":true,"href":"https:\/\/atelierdutissu.fr\/index.php\/wp-json\/wp\/v2\/comments?post=203"}],"wp:featuredmedia":[{"embeddable":true,"href":"https:\/\/atelierdutissu.fr\/index.php\/wp-json\/wp\/v2\/media\/220"}],"wp:attachment":[{"href":"https:\/\/atelierdutissu.fr\/index.php\/wp-json\/wp\/v2\/media?parent=203"}],"wp:term":[{"taxonomy":"product_brand","embeddable":true,"href":"https:\/\/atelierdutissu.fr\/index.php\/wp-json\/wp\/v2\/product_brand?post=203"},{"taxonomy":"product_cat","embeddable":true,"href":"https:\/\/atelierdutissu.fr\/index.php\/wp-json\/wp\/v2\/product_cat?post=203"},{"taxonomy":"product_tag","embeddable":true,"href":"https:\/\/atelierdutissu.fr\/index.php\/wp-json\/wp\/v2\/product_tag?post=203"}],"curies":[{"name":"wp","href":"https:\/\/api.w.org\/{rel}","templated":true}]}}