{"id":233,"date":"2025-10-28T15:43:45","date_gmt":"2025-10-28T14:43:45","guid":{"rendered":"https:\/\/atelierdutissu.fr\/?page_id=233"},"modified":"2025-10-28T18:25:27","modified_gmt":"2025-10-28T17:25:27","slug":"conditions-generales-de-vente","status":"publish","type":"page","link":"https:\/\/atelierdutissu.fr\/index.php\/conditions-generales-de-vente\/","title":{"rendered":"Conditions G\u00e9n\u00e9rales de Vente"},"content":{"rendered":"\n<p><strong>1- Informations g\u00e9n\u00e9rales<\/strong><\/p>\n\n\n\n<p>Les pr\u00e9sentes conditions r\u00e9gissent les ventes r\u00e9alis\u00e9es sur le site L&rsquo;Atelier du tissu. L&rsquo;entreprise est repr\u00e9sent\u00e9e par THEBAUD C\u00e9line EI L&rsquo;Atelier du tissu, domicili\u00e9e au 22 rue de Rennes 56660 Saint Jean Br\u00e9velay, immatricul\u00e9e sous le num\u00e9ro SIRET 979 360 310 0001.<\/p>\n\n\n\n<p><strong>2- Produits<\/strong><\/p>\n\n\n\n<p>Chaque article est pr\u00e9sent\u00e9 avec une description pr\u00e9cise. Les photos sont non contractuelles.<\/p>\n\n\n\n<p><strong>3- Personnalisation<\/strong><\/p>\n\n\n\n<p>Les articles personnalis\u00e9s avec un pr\u00e9nom brod\u00e9 ne sont ni repris ni rembours\u00e9s si l&rsquo;orthographe indiqu\u00e9e par le client est erron\u00e9e. Dans certains cas, la reproduction de l&rsquo;article n&rsquo;est pas possible.<\/p>\n\n\n\n<p><strong>4- D\u00e9faut ou probl\u00e8me de fabrication<\/strong><\/p>\n\n\n\n<p>En cas de d\u00e9faut de couture ou de fabrication constat\u00e9 sous 15 jours apr\u00e8s r\u00e9ception, merci de me contacter. Le retour sera pris en charge et l&rsquo;article remplac\u00e9.<\/p>\n\n\n\n<p><strong>5- livraison<\/strong><\/p>\n\n\n\n<p>Les d\u00e9lais sont donn\u00e9s \u00e0 titre indicatif. Le vendeur ne peut \u00eatre tenue responsable des retards dus au transporteur.<\/p>\n\n\n\n<p><strong>6- Paiement<\/strong><\/p>\n\n\n\n<p>Les paiements sont s\u00e9curis\u00e9s via la plateforme utilis\u00e9e (ex : Stripe, PayPal).<\/p>\n\n\n\n<p><strong>7- Droit de r\u00e9tractation<\/strong><\/p>\n\n\n\n<p>Conform\u00e9ment \u00e0 la loi, le droit de r\u00e9tractation de 14 jours ne s&rsquo;applique pas aux articles personnalis\u00e9s.<\/p>\n\n\n\n<p><strong>8- Protection des donn\u00e9es<\/strong><\/p>\n\n\n\n<p>Les donn\u00e9es clients sont utilis\u00e9es uniquement pour le traitement des commandes et ne sont jamais partag\u00e9es avec des tiers.<\/p>\n\n\n\n<p><\/p>\n\n\n\n<p><\/p>\n","protected":false},"excerpt":{"rendered":"<p>1- Informations g\u00e9n\u00e9rales Les pr\u00e9sentes conditions r\u00e9gissent les ventes r\u00e9alis\u00e9es sur le site L&rsquo;Atelier du tissu. L&rsquo;entreprise est repr\u00e9sent\u00e9e par THEBAUD C\u00e9line EI L&rsquo;Atelier du tissu, domicili\u00e9e au 22 rue de Rennes 56660 Saint Jean Br\u00e9velay, immatricul\u00e9e sous le num\u00e9ro SIRET 979 360 310 0001. 2- Produits Chaque article est pr\u00e9sent\u00e9 avec une description pr\u00e9cise. [&hellip;]<\/p>\n","protected":false},"author":1,"featured_media":0,"parent":0,"menu_order":0,"comment_status":"closed","ping_status":"closed","template":"","meta":{"footnotes":""},"class_list":["post-233","page","type-page","status-publish","hentry"],"jetpack_sharing_enabled":true,"_links":{"self":[{"href":"https:\/\/atelierdutissu.fr\/index.php\/wp-json\/wp\/v2\/pages\/233","targetHints":{"allow":["GET"]}}],"collection":[{"href":"https:\/\/atelierdutissu.fr\/index.php\/wp-json\/wp\/v2\/pages"}],"about":[{"href":"https:\/\/atelierdutissu.fr\/index.php\/wp-json\/wp\/v2\/types\/page"}],"author":[{"embeddable":true,"href":"https:\/\/atelierdutissu.fr\/index.php\/wp-json\/wp\/v2\/users\/1"}],"replies":[{"embeddable":true,"href":"https:\/\/atelierdutissu.fr\/index.php\/wp-json\/wp\/v2\/comments?post=233"}],"version-history":[{"count":2,"href":"https:\/\/atelierdutissu.fr\/index.php\/wp-json\/wp\/v2\/pages\/233\/revisions"}],"predecessor-version":[{"id":238,"href":"https:\/\/atelierdutissu.fr\/index.php\/wp-json\/wp\/v2\/pages\/233\/revisions\/238"}],"wp:attachment":[{"href":"https:\/\/atelierdutissu.fr\/index.php\/wp-json\/wp\/v2\/media?parent=233"}],"curies":[{"name":"wp","href":"https:\/\/api.w.org\/{rel}","templated":true}]}}